{"id":2718,"date":"2016-11-07T09:38:19","date_gmt":"2016-11-07T01:38:19","guid":{"rendered":"http:\/\/sentron.com.tw\/?post_type=product&#038;p=2718"},"modified":"2018-02-23T14:32:15","modified_gmt":"2018-02-23T06:32:15","slug":"%e4%be%bf%e6%94%9c%e5%bc%8f%e9%9c%b2%e9%bb%9e%e6%b0%b4%e4%bb%bd%e5%88%86%e6%9e%90%e5%84%80-model-ppba","status":"publish","type":"product","link":"https:\/\/sentron.com.tw\/zh-hans\/\u5546\u54c1\/%e4%be%bf%e6%94%9c%e5%bc%8f%e9%9c%b2%e9%bb%9e%e6%b0%b4%e4%bb%bd%e5%88%86%e6%9e%90%e5%84%80-model-ppba\/","title":{"rendered":"\u4fbf\u651c\u5f0f\u9732\u9ede\u6c34\u4efd\u5206\u6790\u5100 \u2013 Model: PPBa"},"content":{"rendered":"<p>\u6280\u8853\u898f\u683c<br \/>\nPPBa\u7cfb\u5217\u684c\u4e0a\u578b\u4fbf\u651c\u9732\u9ede\u5206\u6790\u5100<br \/>\n\u6fd5\u5ea6\u611f\u6e2c\u5668\u91cf\u7a0b\uff1a-110\u2103\uff5e+20\u2103\uff1b\u7cbe\u5ea6\uff1a\u00b12\u2103<br \/>\n\u91cd\u8907\u6027\uff1a0.8\u2103<br \/>\n\u56de\u61c9\u6642\u9593\uff1a3\u5206\u941895%\u7684\u968e\u8e8d\u8b8a\u5316<br \/>\n\u6d41\u91cf\uff1a&gt;2 LPM<br \/>\n\u6eab\u5ea6\u611f\u6e2c\u5668\u91cf\u7a0b\uff1a-40\u2103\uff5e+70\u2103 \u7cbe\u5ea6\uff1a\u00b12\u2103<br \/>\n\u58d3\u529b\u611f\u6e2c\u56680\uff5e150 PSIA \u00b11% 316L\u4e0d\u92b9\u92fc\u542b\u6fd5\u90e8\u4ef6<br \/>\n\u6d41\u91cf\u8a08 \u4e3b\u8981\u90e8\u4ef6\uff1a\u82ef\u4e59\u70ef\u4e19\u70ef\u8148\u6700\u5927\u58d3\u529b\uff1a50\u78c5\uff083.4Bar\uff09 [\u58d3\u529b\u9650\u5236\u6392\u6c23]<br \/>\n\u4eba\u6027\u5316\u8a2d\u8a08<br \/>\n\u6613\u65bc\u651c\u5e36\uff0c\u9762\u677f\u5f0f\u5b89\u88dd\u53ef\u9078\u6613\u8b80\u7684\u5716\u5f62\u986f\u793a\uff0c\u80cc\u5149\u4eae\u5ea6\u53ef\u8abf\u8584\u819c\u89f8\u6478\u6309\u9375\uff0c\u52d5\u614b\u5206\u914d\u7684\u5716\u4f8b\u8072\u97f3\u56de\u994b\u7684\u6309\u9215\uff0c\u9810\u8b66\u548c\u5831\u8b66\u529f\u80fd\u81ea\u52d5\u7e2e\u653e\u67f1\u72c0\u5716\uff0c\u986f\u793a\u9732\u9ede\u6e2c\u91cf\u7684\u7a69\u5b9a\u6027\u529f\u80fd\u8868\u64cd\u4f5c\u7c21\u6377\u6e05\u6670\u53ef\u9078\u64c7\u7684\u81ea\u52d5\u96fb\u6e90\u95dc\u9589\u6642\u9593\uff0c\u66f4\u52a0\u7701\u96fb\u5167\u7f6e\u58d3\u529b<br \/>\n\u6e2c\u91cf\u548c\u58d3\u529b\u4fee\u6b63\u529f\u80fd\uff0c\u53ef\u540c\u6642\u8207\u9732\u9ede\u503c\u986f\u793a\u8a73\u7d30\u7684\u72c0\u614b\u5217\u986f\u793a\uff0c\u5e36\u6709\u8b66\u544a\u548c\u932f\u8aa4\u63d0\u793a\u97f3\u53ef\u9078\u64c7\u5e36\u6216\u4e0d\u5e36\u5bc6\u78bc\u9396\u5b9a\u529f\u80fd\u5167\u7f6e\u6642\u9418\u65e5\u66c6<br \/>\n\u96fb\u8def<br \/>\n\u5e36\u6709USB\u4ecb\u9762\u7684\u901a\u7528\u5916\u7f6e\u4ea4\u6d41\u96fb\u6e90\u8b8a\u58d3\u5668<br \/>\n(100\uff5e240VAC 50\uff5e60Hz)\u53ef\u5145\u96fb\u7684\u9577\u58fd\u547d\u92f0\u96e2\u5b50\u96fb\u6c60<br \/>\n\u53d6\u6a23\u7cfb\u7d71\u548c\u611f\u6e2c\u5668\u662f\u55ae\u7368\u7684\u96fb\u6c23\u4ecb\u9762\u548c\u63a5\u5730<br \/>\n\u6fd5\u5ea6\u611f\u6e2c\u5668\u89e3\u6790\u5ea6\uff1a1pF \u7522\u751f\u5c0f\u65bc0.01\u2103<br \/>\n\u5916\u90e8\u96fb\u6e90\u548cI\/O\uff1aUSBminiB\u9023\u63a5\u5668-IP67\/IP68\uff0c<br \/>\n\u5e36\u6709\u84cb\u5b50<br \/>\n\u6a5f\u68b0<br \/>\n\u63a1\u7528\u7f8e\u570bSwagelok\u00ae\u4e0d\u92b9\u92fc1\/8&#8217;\u9032\u51fa\u53e3\u5361\u5957\u63a5\u982d\u7ba1\u8def\u9023\u63a5\u63a1\u7528316\u4e0d\u92b9\u92fc\u548c\u805a\u56db\u6c1f\u4e59\u70ef\u53d6\u6a23\u8edf\u7ba1,\u5c0f\u9762\u7a4d\u4e0d\u92b9\u92fc\u53d6\u6a23\u5ba4\u56de\u61c9\u5feb\u901f\u611f\u6e2c\u5668\u5b58\u5132\u65bc\u4e7e\u71e5\u5291\u4e2d\uff0c\u4f4e\u6fd5\u6e2c\u91cf\u72c0\u614b\u53cd\u61c9\u8fc5\u901f<br \/>\n\u5c3a\u5bf8\uff1a(L\u00d7W\u00d7H) 199mm\u00d7162mm\u00d784mm<br \/>\n\u58d3\u529b\uff1a\u5165\u53e32000PSIA(137bar)\uff0c\u51fa\u53e350PSIA(3.4bar)<br \/>\n\u91cd\u91cf\uff1a1.6kg<br \/>\n\u64cd\u4f5c\u6eab\u5ea6\u7bc4\u570dPPBa-600\u7cfb\u5217\u5206\u6790\u5100\uff1a-20\u2103\uff5e+60\u2103\uff1b\u96fb\u8def\u677f\uff1a-40\u2103\uff5e+85\u2103\uff1b\u6fd5\u5ea6\u611f\u6e2c\u5668\uff1a-20\u2103\uff5e+60\u2103<br \/>\n\u58d3\u529b\u611f\u6e2c\u5668\uff1a-20\u2103\uff5e+85\u2103\uff1b\u6db2\u6676\u64cd\u4f5c\uff1a-20\u2103\uff5e+70\u2103\uff1b\u5b58\u5132\uff1a-30\u2103\uff5e+80\u2103<br \/>\n\u4e3b\u8981\u7279\u5fb5<br \/>\n\u591a\u9732\u9ede\u55ae\u4f4d\u986f\u793a\uff1a\u2103dp&amp;\u2109dp\u3001ppmV\u3001ppmW\u3001\u03bcB\u6c34\u84b8\u6c23\u58d3\u529b\u3001g\/m3\u3001LBS\u53ca\u6e2c\u91cf\u8da8\u52e2\u5716<br \/>\n\u5167\u7f6e\u8a08\u91cf\u95a5\u548c\u6d41\u91cf\u8a08\uff0c\u4e0d\u9700\u8981\u984d\u5916\u7684\u58d3\u529b\u8abf\u7bc0\u95a5<br \/>\nNIST\u53ef\u6eaf\u6e90\u6821\u6b63<br \/>\nI\/O\uff1aUSB, 4\uff5e20mA<br \/>\n\u8cc7\u6599\u5b58\u5132\u529f\u80fd\u2014\u55ae\u9ede\u3001\u591a\u9ede\u3001\u6a19\u8a18\u6642\u9593\u7b49<br \/>\nPVA\u6a21\u64ec\u8edf\u9ad4\uff1a\u53ef\u5168\u529f\u80fd\u4ea4\u4e92\u6a21\u64ec\uff0c\u5141\u8a31\u7528\u6236\u5728PC\u6a5f\u4e0a\u9ad4\u9a57\u7cbe\u78ba\u7684\u4ecb\u9762\uff0c\u53ef\u7528\u65bc\u6f14\u793a\u3001\u4ea4\u6d41\u3001\u57f9\u8a13\u7b49<\/p>\n<p><a href=\"http:\/\/www.phymetrix.com\/PPBa%20datasheet%20Rev5.pdf\" target=\"_blank\" rel=\"noopener noreferrer\"><img src=\"http:\/\/www.phymetrix.com\/button109.jpg\" alt=\"Download PPBa Datasheet\" \/><\/a><\/p>\n","protected":false},"excerpt":{"rendered":"<p><strong>\u4fbf\u651c\u5f0f\u9732\u9ede\u6c34\u4efd\u5206\u6790\u5100<\/strong><strong> \u2013 Model: PPBa<\/strong><\/p>\n<ul>\n<li>-110\u00b0C to +20\u00b0C\u9732\u9ede\u611f\u6e2c\u5668<\/li>\n<li>\u5feb\u901f\uff0c\u6e96\u78ba\u548c\u53ef\u91cd\u8907\u7684<\/li>\n<li>\u5167\u5efa\u6eab\u5ea6\u88dc\u511f<\/li>\n<li>\u5167\u5efa\u6d41\u91cf\u8a08<\/li>\n<\/ul>\n","protected":false},"featured_media":2719,"comment_status":"closed","ping_status":"closed","template":"","meta":[],"_links":{"self":[{"href":"https:\/\/sentron.com.tw\/zh-hans\/wp-json\/wp\/v2\/product\/2718"}],"collection":[{"href":"https:\/\/sentron.com.tw\/zh-hans\/wp-json\/wp\/v2\/product"}],"about":[{"href":"https:\/\/sentron.com.tw\/zh-hans\/wp-json\/wp\/v2\/types\/product"}],"replies":[{"embeddable":true,"href":"https:\/\/sentron.com.tw\/zh-hans\/wp-json\/wp\/v2\/comments?post=2718"}],"wp:featuredmedia":[{"embeddable":true,"href":"https:\/\/sentron.com.tw\/zh-hans\/wp-json\/wp\/v2\/media\/2719"}],"wp:attachment":[{"href":"https:\/\/sentron.com.tw\/zh-hans\/wp-json\/wp\/v2\/media?parent=2718"}],"curies":[{"name":"wp","href":"https:\/\/api.w.org\/{rel}","templated":true}]}}